{"id":2,"date":"2017-04-23T10:19:57","date_gmt":"2017-04-23T08:19:57","guid":{"rendered":"http:\/\/www.wikifinia.at\/wordpress\/?page_id=2"},"modified":"2026-05-07T13:05:22","modified_gmt":"2026-05-07T11:05:22","slug":"unabhangige-finanzberatung","status":"publish","type":"page","link":"https:\/\/wikifinia.at\/en\/","title":{"rendered":"Home"},"content":{"rendered":"","protected":false},"excerpt":{"rendered":"","protected":false},"author":1,"featured_media":0,"parent":0,"menu_order":0,"comment_status":"closed","ping_status":"open","template":"","meta":{"inline_featured_image":false,"footnotes":""},"class_list":["post-2","page","type-page","status-publish","hentry"],"yoast_head":"<!-- This site is optimized with the Yoast SEO Premium plugin v26.9 (Yoast SEO v27.6) - https:\/\/yoast.com\/product\/yoast-seo-premium-wordpress\/ -->\n<title>Unabh\u00e4ngige Finanzberatung | Honorarberatung \u00d6sterreich<\/title>\n<meta name=\"description\" content=\"Wir beraten zu unabh\u00e4ngigen, ma\u00dfgeschneiderten L\u00f6sungen, arbeiten absolut produktunabh\u00e4ngig und vertreten ausschlie\u00dflich Ihre Interessen.\" \/>\n<meta name=\"robots\" content=\"index, follow, max-snippet:-1, max-image-preview:large, max-video-preview:-1\" \/>\n<link rel=\"canonical\" href=\"https:\/\/wikifinia.at\/en\/\" \/>\n<meta property=\"og:locale\" content=\"en_GB\" \/>\n<meta property=\"og:type\" content=\"article\" \/>\n<meta property=\"og:title\" content=\"Home\" \/>\n<meta property=\"og:description\" content=\"Wir beraten zu unabh\u00e4ngigen, ma\u00dfgeschneiderten L\u00f6sungen, arbeiten absolut produktunabh\u00e4ngig und vertreten ausschlie\u00dflich Ihre Interessen.\" \/>\n<meta property=\"og:url\" content=\"https:\/\/wikifinia.at\/en\/\" \/>\n<meta property=\"og:site_name\" content=\"wikifinia\" \/>\n<meta property=\"article:modified_time\" content=\"2026-05-07T11:05:22+00:00\" \/>\n<meta name=\"twitter:card\" content=\"summary_large_image\" \/>\n<meta name=\"twitter:label1\" content=\"Estimated reading time\" \/>\n\t<meta name=\"twitter:data1\" content=\"10 minutes\" \/>\n<script type=\"application\/ld+json\" class=\"yoast-schema-graph\">{\"@context\":\"https:\\\/\\\/schema.org\",\"@graph\":[{\"@type\":\"WebPage\",\"@id\":\"https:\\\/\\\/wikifinia.at\\\/\",\"url\":\"https:\\\/\\\/wikifinia.at\\\/\",\"name\":\"Unabh\u00e4ngige Finanzberatung | Honorarberatung \u00d6sterreich\",\"isPartOf\":{\"@id\":\"https:\\\/\\\/wikifinia.at\\\/#website\"},\"datePublished\":\"2017-04-23T08:19:57+00:00\",\"dateModified\":\"2026-05-07T11:05:22+00:00\",\"description\":\"Wir beraten zu unabh\u00e4ngigen, ma\u00dfgeschneiderten L\u00f6sungen, arbeiten absolut produktunabh\u00e4ngig und vertreten ausschlie\u00dflich Ihre Interessen.\",\"breadcrumb\":{\"@id\":\"https:\\\/\\\/wikifinia.at\\\/#breadcrumb\"},\"inLanguage\":\"en-GB\",\"potentialAction\":[{\"@type\":\"ReadAction\",\"target\":[\"https:\\\/\\\/wikifinia.at\\\/\"]}]},{\"@type\":\"BreadcrumbList\",\"@id\":\"https:\\\/\\\/wikifinia.at\\\/#breadcrumb\",\"itemListElement\":[{\"@type\":\"ListItem\",\"position\":1,\"name\":\"Startseite\",\"item\":\"https:\\\/\\\/wikifinia.at\\\/\"},{\"@type\":\"ListItem\",\"position\":2,\"name\":\"Home\"}]},{\"@type\":\"WebSite\",\"@id\":\"https:\\\/\\\/wikifinia.at\\\/#website\",\"url\":\"https:\\\/\\\/wikifinia.at\\\/\",\"name\":\"wikifinia\",\"description\":\"Unabh\u00e4ngige Anlage- und Verm\u00f6gensberatung.\",\"publisher\":{\"@id\":\"https:\\\/\\\/wikifinia.at\\\/#organization\"},\"potentialAction\":[{\"@type\":\"SearchAction\",\"target\":{\"@type\":\"EntryPoint\",\"urlTemplate\":\"https:\\\/\\\/wikifinia.at\\\/?s={search_term_string}\"},\"query-input\":{\"@type\":\"PropertyValueSpecification\",\"valueRequired\":true,\"valueName\":\"search_term_string\"}}],\"inLanguage\":\"en-GB\"},{\"@type\":[\"Organization\",\"Place\"],\"@id\":\"https:\\\/\\\/wikifinia.at\\\/#organization\",\"name\":\"WIKIFINIA Finanzmanagement GmbH\",\"url\":\"https:\\\/\\\/wikifinia.at\\\/\",\"logo\":{\"@id\":\"https:\\\/\\\/wikifinia.at\\\/#local-main-organization-logo\"},\"image\":{\"@id\":\"https:\\\/\\\/wikifinia.at\\\/#local-main-organization-logo\"},\"telephone\":[],\"openingHoursSpecification\":[{\"@type\":\"OpeningHoursSpecification\",\"dayOfWeek\":[\"Monday\",\"Tuesday\",\"Wednesday\",\"Thursday\",\"Friday\",\"Saturday\",\"Sunday\"],\"opens\":\"09:00\",\"closes\":\"17:00\"}]},{\"@type\":\"ImageObject\",\"inLanguage\":\"en-GB\",\"@id\":\"https:\\\/\\\/wikifinia.at\\\/#local-main-organization-logo\",\"url\":\"https:\\\/\\\/wikifinia.at\\\/wordpress\\\/wp-content\\\/uploads\\\/2017\\\/05\\\/wikifiniaRGB_farbig_72ppi.jpg\",\"contentUrl\":\"https:\\\/\\\/wikifinia.at\\\/wordpress\\\/wp-content\\\/uploads\\\/2017\\\/05\\\/wikifiniaRGB_farbig_72ppi.jpg\",\"width\":794,\"height\":229,\"caption\":\"WIKIFINIA Finanzmanagement GmbH\"}]}<\/script>\n<!-- \/ Yoast SEO Premium plugin. -->","yoast_head_json":{"title":"Unabh\u00e4ngige Finanzberatung | Honorarberatung \u00d6sterreich","description":"Wir beraten zu unabh\u00e4ngigen, ma\u00dfgeschneiderten L\u00f6sungen, arbeiten absolut produktunabh\u00e4ngig und vertreten ausschlie\u00dflich Ihre Interessen.","robots":{"index":"index","follow":"follow","max-snippet":"max-snippet:-1","max-image-preview":"max-image-preview:large","max-video-preview":"max-video-preview:-1"},"canonical":"https:\/\/wikifinia.at\/en\/","og_locale":"en_GB","og_type":"article","og_title":"Home","og_description":"Wir beraten zu unabh\u00e4ngigen, ma\u00dfgeschneiderten L\u00f6sungen, arbeiten absolut produktunabh\u00e4ngig und vertreten ausschlie\u00dflich Ihre Interessen.","og_url":"https:\/\/wikifinia.at\/en\/","og_site_name":"wikifinia","article_modified_time":"2026-05-07T11:05:22+00:00","twitter_card":"summary_large_image","twitter_misc":{"Estimated reading time":"10 minutes"},"schema":{"@context":"https:\/\/schema.org","@graph":[{"@type":"WebPage","@id":"https:\/\/wikifinia.at\/","url":"https:\/\/wikifinia.at\/","name":"Unabh\u00e4ngige Finanzberatung | Honorarberatung \u00d6sterreich","isPartOf":{"@id":"https:\/\/wikifinia.at\/#website"},"datePublished":"2017-04-23T08:19:57+00:00","dateModified":"2026-05-07T11:05:22+00:00","description":"Wir beraten zu unabh\u00e4ngigen, ma\u00dfgeschneiderten L\u00f6sungen, arbeiten absolut produktunabh\u00e4ngig und vertreten ausschlie\u00dflich Ihre Interessen.","breadcrumb":{"@id":"https:\/\/wikifinia.at\/#breadcrumb"},"inLanguage":"en-GB","potentialAction":[{"@type":"ReadAction","target":["https:\/\/wikifinia.at\/"]}]},{"@type":"BreadcrumbList","@id":"https:\/\/wikifinia.at\/#breadcrumb","itemListElement":[{"@type":"ListItem","position":1,"name":"Startseite","item":"https:\/\/wikifinia.at\/"},{"@type":"ListItem","position":2,"name":"Home"}]},{"@type":"WebSite","@id":"https:\/\/wikifinia.at\/#website","url":"https:\/\/wikifinia.at\/","name":"WIKIFINIA","description":"Unabh\u00e4ngige Anlage- und Verm\u00f6gensberatung.","publisher":{"@id":"https:\/\/wikifinia.at\/#organization"},"potentialAction":[{"@type":"SearchAction","target":{"@type":"EntryPoint","urlTemplate":"https:\/\/wikifinia.at\/?s={search_term_string}"},"query-input":{"@type":"PropertyValueSpecification","valueRequired":true,"valueName":"search_term_string"}}],"inLanguage":"en-GB"},{"@type":["Organization","Place"],"@id":"https:\/\/wikifinia.at\/#organization","name":"WIKIFINIA Finanzmanagement GmbH","url":"https:\/\/wikifinia.at\/","logo":{"@id":"https:\/\/wikifinia.at\/#local-main-organization-logo"},"image":{"@id":"https:\/\/wikifinia.at\/#local-main-organization-logo"},"telephone":[],"openingHoursSpecification":[{"@type":"OpeningHoursSpecification","dayOfWeek":["Monday","Tuesday","Wednesday","Thursday","Friday","Saturday","Sunday"],"opens":"09:00","closes":"17:00"}]},{"@type":"ImageObject","inLanguage":"en-GB","@id":"https:\/\/wikifinia.at\/#local-main-organization-logo","url":"https:\/\/wikifinia.at\/wordpress\/wp-content\/uploads\/2017\/05\/wikifiniaRGB_farbig_72ppi.jpg","contentUrl":"https:\/\/wikifinia.at\/wordpress\/wp-content\/uploads\/2017\/05\/wikifiniaRGB_farbig_72ppi.jpg","width":794,"height":229,"caption":"WIKIFINIA Finanzmanagement GmbH"}]}},"_links":{"self":[{"href":"https:\/\/wikifinia.at\/en\/wp-json\/wp\/v2\/pages\/2","targetHints":{"allow":["GET"]}}],"collection":[{"href":"https:\/\/wikifinia.at\/en\/wp-json\/wp\/v2\/pages"}],"about":[{"href":"https:\/\/wikifinia.at\/en\/wp-json\/wp\/v2\/types\/page"}],"author":[{"embeddable":true,"href":"https:\/\/wikifinia.at\/en\/wp-json\/wp\/v2\/users\/1"}],"replies":[{"embeddable":true,"href":"https:\/\/wikifinia.at\/en\/wp-json\/wp\/v2\/comments?post=2"}],"version-history":[{"count":5,"href":"https:\/\/wikifinia.at\/en\/wp-json\/wp\/v2\/pages\/2\/revisions"}],"predecessor-version":[{"id":8935,"href":"https:\/\/wikifinia.at\/en\/wp-json\/wp\/v2\/pages\/2\/revisions\/8935"}],"wp:attachment":[{"href":"https:\/\/wikifinia.at\/en\/wp-json\/wp\/v2\/media?parent=2"}],"curies":[{"name":"wp","href":"https:\/\/api.w.org\/{rel}","templated":true}]}}