{"id":6716,"date":"2025-07-05T15:53:17","date_gmt":"2025-07-05T13:53:17","guid":{"rendered":"https:\/\/wikifinia.at\/?page_id=6716"},"modified":"2025-10-25T10:56:32","modified_gmt":"2025-10-25T08:56:32","slug":"faq","status":"publish","type":"page","link":"https:\/\/wikifinia.at\/en\/faq\/","title":{"rendered":"FAQ"},"content":{"rendered":"","protected":false},"excerpt":{"rendered":"","protected":false},"author":1,"featured_media":0,"parent":0,"menu_order":0,"comment_status":"closed","ping_status":"closed","template":"","meta":{"inline_featured_image":false,"footnotes":""},"class_list":["post-6716","page","type-page","status-publish","hentry"],"yoast_head":"<!-- This site is optimized with the Yoast SEO Premium plugin v26.9 (Yoast SEO v27.5) - https:\/\/yoast.com\/product\/yoast-seo-premium-wordpress\/ -->\n<title>FAQ - H\u00e4ufig gestellte Fragen - wikifinia<\/title>\n<meta name=\"description\" content=\"Entdecken Sie die h\u00e4ufig gestellten Fragen (FAQ) zu WIKIFINIA. Hier finden Sie \u00fcbersichtliche Antworten zu unseren Finanzberatungen.\" \/>\n<meta name=\"robots\" content=\"index, follow, max-snippet:-1, max-image-preview:large, max-video-preview:-1\" \/>\n<link rel=\"canonical\" href=\"https:\/\/wikifinia.at\/en\/faq\/\" \/>\n<meta property=\"og:locale\" content=\"en_GB\" \/>\n<meta property=\"og:type\" content=\"article\" \/>\n<meta property=\"og:title\" content=\"FAQ\" \/>\n<meta property=\"og:description\" content=\"Entdecken Sie die h\u00e4ufig gestellten Fragen (FAQ) zu WIKIFINIA. Hier finden Sie \u00fcbersichtliche Antworten zu unseren Finanzberatungen.\" \/>\n<meta property=\"og:url\" content=\"https:\/\/wikifinia.at\/en\/faq\/\" \/>\n<meta property=\"og:site_name\" content=\"wikifinia\" \/>\n<meta property=\"article:modified_time\" content=\"2025-10-25T08:56:32+00:00\" \/>\n<meta name=\"twitter:card\" content=\"summary_large_image\" \/>\n<meta name=\"twitter:label1\" content=\"Estimated reading time\" \/>\n\t<meta name=\"twitter:data1\" content=\"7 minutes\" \/>\n<script type=\"application\/ld+json\" class=\"yoast-schema-graph\">{\"@context\":\"https:\\\/\\\/schema.org\",\"@graph\":[{\"@type\":[\"WebPage\",\"FAQPage\"],\"@id\":\"https:\\\/\\\/wikifinia.at\\\/faq\\\/\",\"url\":\"https:\\\/\\\/wikifinia.at\\\/faq\\\/\",\"name\":\"FAQ - H\u00e4ufig gestellte Fragen - wikifinia\",\"isPartOf\":{\"@id\":\"https:\\\/\\\/wikifinia.at\\\/#website\"},\"datePublished\":\"2025-07-05T13:53:17+00:00\",\"dateModified\":\"2025-10-25T08:56:32+00:00\",\"description\":\"Entdecken Sie die h\u00e4ufig gestellten Fragen (FAQ) zu WIKIFINIA. Hier finden Sie \u00fcbersichtliche Antworten zu unseren Finanzberatungen.\",\"breadcrumb\":{\"@id\":\"https:\\\/\\\/wikifinia.at\\\/faq\\\/#breadcrumb\"},\"inLanguage\":\"en-GB\",\"potentialAction\":[{\"@type\":\"ReadAction\",\"target\":[\"https:\\\/\\\/wikifinia.at\\\/faq\\\/\"]}]},{\"@type\":\"BreadcrumbList\",\"@id\":\"https:\\\/\\\/wikifinia.at\\\/faq\\\/#breadcrumb\",\"itemListElement\":[{\"@type\":\"ListItem\",\"position\":1,\"name\":\"Startseite\",\"item\":\"https:\\\/\\\/wikifinia.at\\\/\"},{\"@type\":\"ListItem\",\"position\":2,\"name\":\"FAQ\"}]},{\"@type\":\"WebSite\",\"@id\":\"https:\\\/\\\/wikifinia.at\\\/#website\",\"url\":\"https:\\\/\\\/wikifinia.at\\\/\",\"name\":\"wikifinia\",\"description\":\"Unabh\u00e4ngige Anlage- und Verm\u00f6gensberatung.\",\"publisher\":{\"@id\":\"https:\\\/\\\/wikifinia.at\\\/#organization\"},\"potentialAction\":[{\"@type\":\"SearchAction\",\"target\":{\"@type\":\"EntryPoint\",\"urlTemplate\":\"https:\\\/\\\/wikifinia.at\\\/?s={search_term_string}\"},\"query-input\":{\"@type\":\"PropertyValueSpecification\",\"valueRequired\":true,\"valueName\":\"search_term_string\"}}],\"inLanguage\":\"en-GB\"},{\"@type\":[\"Organization\",\"Place\"],\"@id\":\"https:\\\/\\\/wikifinia.at\\\/#organization\",\"name\":\"WIKIFINIA Finanzmanagement GmbH\",\"url\":\"https:\\\/\\\/wikifinia.at\\\/\",\"logo\":{\"@id\":\"https:\\\/\\\/wikifinia.at\\\/faq\\\/#local-main-organization-logo\"},\"image\":{\"@id\":\"https:\\\/\\\/wikifinia.at\\\/faq\\\/#local-main-organization-logo\"},\"telephone\":[],\"openingHoursSpecification\":[{\"@type\":\"OpeningHoursSpecification\",\"dayOfWeek\":[\"Monday\",\"Tuesday\",\"Wednesday\",\"Thursday\",\"Friday\",\"Saturday\",\"Sunday\"],\"opens\":\"09:00\",\"closes\":\"17:00\"}]},{\"@type\":\"ImageObject\",\"inLanguage\":\"en-GB\",\"@id\":\"https:\\\/\\\/wikifinia.at\\\/faq\\\/#local-main-organization-logo\",\"url\":\"https:\\\/\\\/wikifinia.at\\\/wordpress\\\/wp-content\\\/uploads\\\/2017\\\/05\\\/wikifiniaRGB_farbig_72ppi.jpg\",\"contentUrl\":\"https:\\\/\\\/wikifinia.at\\\/wordpress\\\/wp-content\\\/uploads\\\/2017\\\/05\\\/wikifiniaRGB_farbig_72ppi.jpg\",\"width\":794,\"height\":229,\"caption\":\"WIKIFINIA Finanzmanagement GmbH\"}]}<\/script>\n<!-- \/ Yoast SEO Premium plugin. -->","yoast_head_json":{"title":"FAQ - H\u00e4ufig gestellte Fragen - wikifinia","description":"Entdecken Sie die h\u00e4ufig gestellten Fragen (FAQ) zu WIKIFINIA. Hier finden Sie \u00fcbersichtliche Antworten zu unseren Finanzberatungen.","robots":{"index":"index","follow":"follow","max-snippet":"max-snippet:-1","max-image-preview":"max-image-preview:large","max-video-preview":"max-video-preview:-1"},"canonical":"https:\/\/wikifinia.at\/en\/faq\/","og_locale":"en_GB","og_type":"article","og_title":"FAQ","og_description":"Entdecken Sie die h\u00e4ufig gestellten Fragen (FAQ) zu WIKIFINIA. Hier finden Sie \u00fcbersichtliche Antworten zu unseren Finanzberatungen.","og_url":"https:\/\/wikifinia.at\/en\/faq\/","og_site_name":"wikifinia","article_modified_time":"2025-10-25T08:56:32+00:00","twitter_card":"summary_large_image","twitter_misc":{"Estimated reading time":"7 minutes"},"schema":{"@context":"https:\/\/schema.org","@graph":[{"@type":["WebPage","FAQPage"],"@id":"https:\/\/wikifinia.at\/faq\/","url":"https:\/\/wikifinia.at\/faq\/","name":"FAQ - H\u00e4ufig gestellte Fragen - wikifinia","isPartOf":{"@id":"https:\/\/wikifinia.at\/#website"},"datePublished":"2025-07-05T13:53:17+00:00","dateModified":"2025-10-25T08:56:32+00:00","description":"Entdecken Sie die h\u00e4ufig gestellten Fragen (FAQ) zu WIKIFINIA. Hier finden Sie \u00fcbersichtliche Antworten zu unseren Finanzberatungen.","breadcrumb":{"@id":"https:\/\/wikifinia.at\/faq\/#breadcrumb"},"inLanguage":"en-GB","potentialAction":[{"@type":"ReadAction","target":["https:\/\/wikifinia.at\/faq\/"]}]},{"@type":"BreadcrumbList","@id":"https:\/\/wikifinia.at\/faq\/#breadcrumb","itemListElement":[{"@type":"ListItem","position":1,"name":"Startseite","item":"https:\/\/wikifinia.at\/"},{"@type":"ListItem","position":2,"name":"FAQ"}]},{"@type":"WebSite","@id":"https:\/\/wikifinia.at\/#website","url":"https:\/\/wikifinia.at\/","name":"WIKIFINIA","description":"Unabh\u00e4ngige Anlage- und Verm\u00f6gensberatung.","publisher":{"@id":"https:\/\/wikifinia.at\/#organization"},"potentialAction":[{"@type":"SearchAction","target":{"@type":"EntryPoint","urlTemplate":"https:\/\/wikifinia.at\/?s={search_term_string}"},"query-input":{"@type":"PropertyValueSpecification","valueRequired":true,"valueName":"search_term_string"}}],"inLanguage":"en-GB"},{"@type":["Organization","Place"],"@id":"https:\/\/wikifinia.at\/#organization","name":"WIKIFINIA Finanzmanagement GmbH","url":"https:\/\/wikifinia.at\/","logo":{"@id":"https:\/\/wikifinia.at\/faq\/#local-main-organization-logo"},"image":{"@id":"https:\/\/wikifinia.at\/faq\/#local-main-organization-logo"},"telephone":[],"openingHoursSpecification":[{"@type":"OpeningHoursSpecification","dayOfWeek":["Monday","Tuesday","Wednesday","Thursday","Friday","Saturday","Sunday"],"opens":"09:00","closes":"17:00"}]},{"@type":"ImageObject","inLanguage":"en-GB","@id":"https:\/\/wikifinia.at\/faq\/#local-main-organization-logo","url":"https:\/\/wikifinia.at\/wordpress\/wp-content\/uploads\/2017\/05\/wikifiniaRGB_farbig_72ppi.jpg","contentUrl":"https:\/\/wikifinia.at\/wordpress\/wp-content\/uploads\/2017\/05\/wikifiniaRGB_farbig_72ppi.jpg","width":794,"height":229,"caption":"WIKIFINIA Finanzmanagement GmbH"}]}},"_links":{"self":[{"href":"https:\/\/wikifinia.at\/en\/wp-json\/wp\/v2\/pages\/6716","targetHints":{"allow":["GET"]}}],"collection":[{"href":"https:\/\/wikifinia.at\/en\/wp-json\/wp\/v2\/pages"}],"about":[{"href":"https:\/\/wikifinia.at\/en\/wp-json\/wp\/v2\/types\/page"}],"author":[{"embeddable":true,"href":"https:\/\/wikifinia.at\/en\/wp-json\/wp\/v2\/users\/1"}],"replies":[{"embeddable":true,"href":"https:\/\/wikifinia.at\/en\/wp-json\/wp\/v2\/comments?post=6716"}],"version-history":[{"count":5,"href":"https:\/\/wikifinia.at\/en\/wp-json\/wp\/v2\/pages\/6716\/revisions"}],"predecessor-version":[{"id":7510,"href":"https:\/\/wikifinia.at\/en\/wp-json\/wp\/v2\/pages\/6716\/revisions\/7510"}],"wp:attachment":[{"href":"https:\/\/wikifinia.at\/en\/wp-json\/wp\/v2\/media?parent=6716"}],"curies":[{"name":"wp","href":"https:\/\/api.w.org\/{rel}","templated":true}]}}