{"id":7152,"date":"2025-10-05T17:42:03","date_gmt":"2025-10-05T15:42:03","guid":{"rendered":"https:\/\/wikifinia.at\/?page_id=7152"},"modified":"2025-10-15T13:05:08","modified_gmt":"2025-10-15T11:05:08","slug":"presse","status":"publish","type":"page","link":"https:\/\/wikifinia.at\/en\/presse\/","title":{"rendered":"Presse"},"content":{"rendered":"","protected":false},"excerpt":{"rendered":"","protected":false},"author":1,"featured_media":0,"parent":0,"menu_order":0,"comment_status":"closed","ping_status":"closed","template":"","meta":{"inline_featured_image":false,"footnotes":""},"class_list":["post-7152","page","type-page","status-publish","hentry"],"yoast_head":"<!-- This site is optimized with the Yoast SEO Premium plugin v26.9 (Yoast SEO v27.5) - https:\/\/yoast.com\/product\/yoast-seo-premium-wordpress\/ -->\n<title>Presse - Unabh\u00e4ngige Finanzberatung in \u00d6sterreich<\/title>\n<meta name=\"description\" content=\"Presse und Medien: Erhalten Sie aktuelle Informationen zu diversen Finanzthemen und zur unabh\u00e4ngigen Honorarberatung in \u00d6sterreich.\" \/>\n<meta name=\"robots\" content=\"index, follow, max-snippet:-1, max-image-preview:large, max-video-preview:-1\" \/>\n<link rel=\"canonical\" href=\"https:\/\/wikifinia.at\/en\/presse\/\" \/>\n<meta property=\"og:locale\" content=\"en_GB\" \/>\n<meta property=\"og:type\" content=\"article\" \/>\n<meta property=\"og:title\" content=\"Presse\" \/>\n<meta property=\"og:description\" content=\"Presse und Medien: Erhalten Sie aktuelle Informationen zu diversen Finanzthemen und zur unabh\u00e4ngigen Honorarberatung in \u00d6sterreich.\" \/>\n<meta property=\"og:url\" content=\"https:\/\/wikifinia.at\/en\/presse\/\" \/>\n<meta property=\"og:site_name\" content=\"wikifinia\" \/>\n<meta property=\"article:modified_time\" content=\"2025-10-15T11:05:08+00:00\" \/>\n<meta name=\"twitter:card\" content=\"summary_large_image\" \/>\n<meta name=\"twitter:label1\" content=\"Estimated reading time\" \/>\n\t<meta name=\"twitter:data1\" content=\"4 minutes\" \/>\n<script type=\"application\/ld+json\" class=\"yoast-schema-graph\">{\"@context\":\"https:\\\/\\\/schema.org\",\"@graph\":[{\"@type\":\"WebPage\",\"@id\":\"https:\\\/\\\/wikifinia.at\\\/presse\\\/\",\"url\":\"https:\\\/\\\/wikifinia.at\\\/presse\\\/\",\"name\":\"Presse - Unabh\u00e4ngige Finanzberatung in \u00d6sterreich\",\"isPartOf\":{\"@id\":\"https:\\\/\\\/wikifinia.at\\\/#website\"},\"datePublished\":\"2025-10-05T15:42:03+00:00\",\"dateModified\":\"2025-10-15T11:05:08+00:00\",\"description\":\"Presse und Medien: Erhalten Sie aktuelle Informationen zu diversen Finanzthemen und zur unabh\u00e4ngigen Honorarberatung in \u00d6sterreich.\",\"breadcrumb\":{\"@id\":\"https:\\\/\\\/wikifinia.at\\\/presse\\\/#breadcrumb\"},\"inLanguage\":\"en-GB\",\"potentialAction\":[{\"@type\":\"ReadAction\",\"target\":[\"https:\\\/\\\/wikifinia.at\\\/presse\\\/\"]}]},{\"@type\":\"BreadcrumbList\",\"@id\":\"https:\\\/\\\/wikifinia.at\\\/presse\\\/#breadcrumb\",\"itemListElement\":[{\"@type\":\"ListItem\",\"position\":1,\"name\":\"Startseite\",\"item\":\"https:\\\/\\\/wikifinia.at\\\/\"},{\"@type\":\"ListItem\",\"position\":2,\"name\":\"Presse\"}]},{\"@type\":\"WebSite\",\"@id\":\"https:\\\/\\\/wikifinia.at\\\/#website\",\"url\":\"https:\\\/\\\/wikifinia.at\\\/\",\"name\":\"wikifinia\",\"description\":\"Unabh\u00e4ngige Anlage- und Verm\u00f6gensberatung.\",\"publisher\":{\"@id\":\"https:\\\/\\\/wikifinia.at\\\/#organization\"},\"potentialAction\":[{\"@type\":\"SearchAction\",\"target\":{\"@type\":\"EntryPoint\",\"urlTemplate\":\"https:\\\/\\\/wikifinia.at\\\/?s={search_term_string}\"},\"query-input\":{\"@type\":\"PropertyValueSpecification\",\"valueRequired\":true,\"valueName\":\"search_term_string\"}}],\"inLanguage\":\"en-GB\"},{\"@type\":[\"Organization\",\"Place\"],\"@id\":\"https:\\\/\\\/wikifinia.at\\\/#organization\",\"name\":\"WIKIFINIA Finanzmanagement GmbH\",\"url\":\"https:\\\/\\\/wikifinia.at\\\/\",\"logo\":{\"@id\":\"https:\\\/\\\/wikifinia.at\\\/presse\\\/#local-main-organization-logo\"},\"image\":{\"@id\":\"https:\\\/\\\/wikifinia.at\\\/presse\\\/#local-main-organization-logo\"},\"telephone\":[],\"openingHoursSpecification\":[{\"@type\":\"OpeningHoursSpecification\",\"dayOfWeek\":[\"Monday\",\"Tuesday\",\"Wednesday\",\"Thursday\",\"Friday\",\"Saturday\",\"Sunday\"],\"opens\":\"09:00\",\"closes\":\"17:00\"}]},{\"@type\":\"ImageObject\",\"inLanguage\":\"en-GB\",\"@id\":\"https:\\\/\\\/wikifinia.at\\\/presse\\\/#local-main-organization-logo\",\"url\":\"https:\\\/\\\/wikifinia.at\\\/wordpress\\\/wp-content\\\/uploads\\\/2017\\\/05\\\/wikifiniaRGB_farbig_72ppi.jpg\",\"contentUrl\":\"https:\\\/\\\/wikifinia.at\\\/wordpress\\\/wp-content\\\/uploads\\\/2017\\\/05\\\/wikifiniaRGB_farbig_72ppi.jpg\",\"width\":794,\"height\":229,\"caption\":\"WIKIFINIA Finanzmanagement GmbH\"}]}<\/script>\n<!-- \/ Yoast SEO Premium plugin. -->","yoast_head_json":{"title":"Presse - Unabh\u00e4ngige Finanzberatung in \u00d6sterreich","description":"Presse und Medien: Erhalten Sie aktuelle Informationen zu diversen Finanzthemen und zur unabh\u00e4ngigen Honorarberatung in \u00d6sterreich.","robots":{"index":"index","follow":"follow","max-snippet":"max-snippet:-1","max-image-preview":"max-image-preview:large","max-video-preview":"max-video-preview:-1"},"canonical":"https:\/\/wikifinia.at\/en\/presse\/","og_locale":"en_GB","og_type":"article","og_title":"Presse","og_description":"Presse und Medien: Erhalten Sie aktuelle Informationen zu diversen Finanzthemen und zur unabh\u00e4ngigen Honorarberatung in \u00d6sterreich.","og_url":"https:\/\/wikifinia.at\/en\/presse\/","og_site_name":"wikifinia","article_modified_time":"2025-10-15T11:05:08+00:00","twitter_card":"summary_large_image","twitter_misc":{"Estimated reading time":"4 minutes"},"schema":{"@context":"https:\/\/schema.org","@graph":[{"@type":"WebPage","@id":"https:\/\/wikifinia.at\/presse\/","url":"https:\/\/wikifinia.at\/presse\/","name":"Presse - Unabh\u00e4ngige Finanzberatung in \u00d6sterreich","isPartOf":{"@id":"https:\/\/wikifinia.at\/#website"},"datePublished":"2025-10-05T15:42:03+00:00","dateModified":"2025-10-15T11:05:08+00:00","description":"Presse und Medien: Erhalten Sie aktuelle Informationen zu diversen Finanzthemen und zur unabh\u00e4ngigen Honorarberatung in \u00d6sterreich.","breadcrumb":{"@id":"https:\/\/wikifinia.at\/presse\/#breadcrumb"},"inLanguage":"en-GB","potentialAction":[{"@type":"ReadAction","target":["https:\/\/wikifinia.at\/presse\/"]}]},{"@type":"BreadcrumbList","@id":"https:\/\/wikifinia.at\/presse\/#breadcrumb","itemListElement":[{"@type":"ListItem","position":1,"name":"Startseite","item":"https:\/\/wikifinia.at\/"},{"@type":"ListItem","position":2,"name":"Presse"}]},{"@type":"WebSite","@id":"https:\/\/wikifinia.at\/#website","url":"https:\/\/wikifinia.at\/","name":"WIKIFINIA","description":"Unabh\u00e4ngige Anlage- und Verm\u00f6gensberatung.","publisher":{"@id":"https:\/\/wikifinia.at\/#organization"},"potentialAction":[{"@type":"SearchAction","target":{"@type":"EntryPoint","urlTemplate":"https:\/\/wikifinia.at\/?s={search_term_string}"},"query-input":{"@type":"PropertyValueSpecification","valueRequired":true,"valueName":"search_term_string"}}],"inLanguage":"en-GB"},{"@type":["Organization","Place"],"@id":"https:\/\/wikifinia.at\/#organization","name":"WIKIFINIA Finanzmanagement GmbH","url":"https:\/\/wikifinia.at\/","logo":{"@id":"https:\/\/wikifinia.at\/presse\/#local-main-organization-logo"},"image":{"@id":"https:\/\/wikifinia.at\/presse\/#local-main-organization-logo"},"telephone":[],"openingHoursSpecification":[{"@type":"OpeningHoursSpecification","dayOfWeek":["Monday","Tuesday","Wednesday","Thursday","Friday","Saturday","Sunday"],"opens":"09:00","closes":"17:00"}]},{"@type":"ImageObject","inLanguage":"en-GB","@id":"https:\/\/wikifinia.at\/presse\/#local-main-organization-logo","url":"https:\/\/wikifinia.at\/wordpress\/wp-content\/uploads\/2017\/05\/wikifiniaRGB_farbig_72ppi.jpg","contentUrl":"https:\/\/wikifinia.at\/wordpress\/wp-content\/uploads\/2017\/05\/wikifiniaRGB_farbig_72ppi.jpg","width":794,"height":229,"caption":"WIKIFINIA Finanzmanagement GmbH"}]}},"_links":{"self":[{"href":"https:\/\/wikifinia.at\/en\/wp-json\/wp\/v2\/pages\/7152","targetHints":{"allow":["GET"]}}],"collection":[{"href":"https:\/\/wikifinia.at\/en\/wp-json\/wp\/v2\/pages"}],"about":[{"href":"https:\/\/wikifinia.at\/en\/wp-json\/wp\/v2\/types\/page"}],"author":[{"embeddable":true,"href":"https:\/\/wikifinia.at\/en\/wp-json\/wp\/v2\/users\/1"}],"replies":[{"embeddable":true,"href":"https:\/\/wikifinia.at\/en\/wp-json\/wp\/v2\/comments?post=7152"}],"version-history":[{"count":5,"href":"https:\/\/wikifinia.at\/en\/wp-json\/wp\/v2\/pages\/7152\/revisions"}],"predecessor-version":[{"id":7314,"href":"https:\/\/wikifinia.at\/en\/wp-json\/wp\/v2\/pages\/7152\/revisions\/7314"}],"wp:attachment":[{"href":"https:\/\/wikifinia.at\/en\/wp-json\/wp\/v2\/media?parent=7152"}],"curies":[{"name":"wp","href":"https:\/\/api.w.org\/{rel}","templated":true}]}}